{"id":9,"date":"2026-01-27T09:52:30","date_gmt":"2026-01-27T14:52:30","guid":{"rendered":"https:\/\/gerencia.inversionesquitasuenos.com.co\/?page_id=9"},"modified":"2026-01-27T11:23:02","modified_gmt":"2026-01-27T16:23:02","slug":"inicio","status":"publish","type":"page","link":"https:\/\/gerencia.inversionesquitasuenos.com.co\/","title":{"rendered":"INICIO"},"content":{"rendered":"\t\t<div data-elementor-type=\"wp-page\" data-elementor-id=\"9\" class=\"elementor elementor-9\">\n\t\t\t\t<div class=\"elementor-element elementor-element-dd14f40 e-con-full elementor-hidden-desktop elementor-hidden-tablet e-flex e-con e-parent\" data-id=\"dd14f40\" data-element_type=\"container\">\n\t\t<div class=\"elementor-element elementor-element-1bdcb9b e-con-full e-flex e-con e-child\" data-id=\"1bdcb9b\" data-element_type=\"container\">\n\t\t\t\t<div class=\"elementor-element elementor-element-debf18d elementor-widget elementor-widget-image\" data-id=\"debf18d\" data-element_type=\"widget\" data-widget_type=\"image.default\">\n\t\t\t\t\t\t\t\t\t\t\t\t\t\t\t<img fetchpriority=\"high\" decoding=\"async\" width=\"532\" height=\"550\" src=\"https:\/\/gerencia.inversionesquitasuenos.com.co\/wp-content\/uploads\/2026\/01\/INVESIONES-QUITASUENO-TARJETA.png\" class=\"attachment-large size-large wp-image-22\" alt=\"\" srcset=\"https:\/\/gerencia.inversionesquitasuenos.com.co\/wp-content\/uploads\/2026\/01\/INVESIONES-QUITASUENO-TARJETA.png 532w, https:\/\/gerencia.inversionesquitasuenos.com.co\/wp-content\/uploads\/2026\/01\/INVESIONES-QUITASUENO-TARJETA-290x300.png 290w\" sizes=\"(max-width: 532px) 100vw, 532px\" \/>\t\t\t\t\t\t\t\t\t\t\t\t\t\t\t<\/div>\n\t\t\t\t<\/div>\n\t\t<div class=\"elementor-element elementor-element-3fcdf40 e-con-full e-flex e-con e-child\" data-id=\"3fcdf40\" data-element_type=\"container\">\n\t\t<div class=\"elementor-element elementor-element-78deaee e-con-full e-flex e-con e-child\" data-id=\"78deaee\" data-element_type=\"container\">\n\t\t\t\t<div class=\"elementor-element elementor-element-a7b0e71 elementor-widget elementor-widget-heading\" data-id=\"a7b0e71\" data-element_type=\"widget\" data-widget_type=\"heading.default\">\n\t\t\t\t\t<h2 class=\"elementor-heading-title elementor-size-default\">GERENTE COMERCIAL<\/h2>\t\t\t\t<\/div>\n\t\t\t\t<div class=\"elementor-element elementor-element-6e4589c elementor-widget elementor-widget-image\" data-id=\"6e4589c\" data-element_type=\"widget\" data-widget_type=\"image.default\">\n\t\t\t\t\t\t\t\t\t\t\t\t\t\t\t\t<a href=\"https:\/\/api.whatsapp.com\/send\/?phone=573011840599xt=Hola%2C+Quisiera+solicitar\">\n\t\t\t\t\t\t\t<img decoding=\"async\" width=\"800\" height=\"120\" src=\"https:\/\/gerencia.inversionesquitasuenos.com.co\/wp-content\/uploads\/2026\/01\/cel-inver.png\" class=\"attachment-large size-large wp-image-85\" alt=\"\" srcset=\"https:\/\/gerencia.inversionesquitasuenos.com.co\/wp-content\/uploads\/2026\/01\/cel-inver.png 800w, https:\/\/gerencia.inversionesquitasuenos.com.co\/wp-content\/uploads\/2026\/01\/cel-inver-300x45.png 300w, https:\/\/gerencia.inversionesquitasuenos.com.co\/wp-content\/uploads\/2026\/01\/cel-inver-768x115.png 768w\" sizes=\"(max-width: 800px) 100vw, 800px\" \/>\t\t\t\t\t\t\t\t<\/a>\n\t\t\t\t\t\t\t\t\t\t\t\t\t\t\t<\/div>\n\t\t\t\t<div class=\"elementor-element elementor-element-75fad64 elementor-align-center elementor-widget elementor-widget-button\" data-id=\"75fad64\" data-element_type=\"widget\" data-widget_type=\"button.default\">\n\t\t\t\t\t\t\t\t\t\t<a class=\"elementor-button elementor-button-link elementor-size-sm\" href=\"https:\/\/inversionesquitasuenos.com.co\/wp-content\/uploads\/2025\/11\/Brochure.pdf\">\n\t\t\t\t\t\t<span class=\"elementor-button-content-wrapper\">\n\t\t\t\t\t\t\t\t\t<span class=\"elementor-button-text\">Cat\u00e1logo de servicios<\/span>\n\t\t\t\t\t<\/span>\n\t\t\t\t\t<\/a>\n\t\t\t\t\t\t\t\t<\/div>\n\t\t\t\t<\/div>\n\t\t<div class=\"elementor-element elementor-element-2ff3705 e-con-full e-grid e-con e-child\" data-id=\"2ff3705\" data-element_type=\"container\">\n\t\t\t\t<div class=\"elementor-element elementor-element-8e6f057 elementor-widget elementor-widget-image\" data-id=\"8e6f057\" data-element_type=\"widget\" data-widget_type=\"image.default\">\n\t\t\t\t\t\t\t\t\t\t\t\t\t\t\t\t<a href=\"https:\/\/api.whatsapp.com\/send\/?phone=573011840599xt=Hola%2C+Quisiera+solicitar\">\n\t\t\t\t\t\t\t<img decoding=\"async\" width=\"512\" height=\"512\" src=\"https:\/\/gerencia.inversionesquitasuenos.com.co\/wp-content\/uploads\/2026\/01\/whatsapp-1-2.png\" class=\"attachment-large size-large wp-image-50\" alt=\"\" srcset=\"https:\/\/gerencia.inversionesquitasuenos.com.co\/wp-content\/uploads\/2026\/01\/whatsapp-1-2.png 512w, https:\/\/gerencia.inversionesquitasuenos.com.co\/wp-content\/uploads\/2026\/01\/whatsapp-1-2-300x300.png 300w, https:\/\/gerencia.inversionesquitasuenos.com.co\/wp-content\/uploads\/2026\/01\/whatsapp-1-2-150x150.png 150w\" sizes=\"(max-width: 512px) 100vw, 512px\" \/>\t\t\t\t\t\t\t\t<\/a>\n\t\t\t\t\t\t\t\t\t\t\t\t\t\t\t<\/div>\n\t\t\t\t<div class=\"elementor-element elementor-element-ebeaefd elementor-widget elementor-widget-image\" data-id=\"ebeaefd\" data-element_type=\"widget\" data-widget_type=\"image.default\">\n\t\t\t\t\t\t\t\t\t\t\t\t\t\t\t\t<a href=\"https:\/\/inversionesquitasuenos.com.co\/\">\n\t\t\t\t\t\t\t<img loading=\"lazy\" decoding=\"async\" width=\"512\" height=\"512\" src=\"https:\/\/gerencia.inversionesquitasuenos.com.co\/wp-content\/uploads\/2026\/01\/web-890-1.png\" class=\"attachment-large size-large wp-image-48\" alt=\"\" srcset=\"https:\/\/gerencia.inversionesquitasuenos.com.co\/wp-content\/uploads\/2026\/01\/web-890-1.png 512w, https:\/\/gerencia.inversionesquitasuenos.com.co\/wp-content\/uploads\/2026\/01\/web-890-1-300x300.png 300w, https:\/\/gerencia.inversionesquitasuenos.com.co\/wp-content\/uploads\/2026\/01\/web-890-1-150x150.png 150w\" sizes=\"(max-width: 512px) 100vw, 512px\" \/>\t\t\t\t\t\t\t\t<\/a>\n\t\t\t\t\t\t\t\t\t\t\t\t\t\t\t<\/div>\n\t\t\t\t<div class=\"elementor-element elementor-element-5051849 elementor-widget elementor-widget-image\" data-id=\"5051849\" data-element_type=\"widget\" data-widget_type=\"image.default\">\n\t\t\t\t\t\t\t\t\t\t\t\t\t\t\t<img loading=\"lazy\" decoding=\"async\" width=\"512\" height=\"512\" src=\"https:\/\/gerencia.inversionesquitasuenos.com.co\/wp-content\/uploads\/2026\/01\/maail-1.png\" class=\"attachment-large size-large wp-image-49\" alt=\"\" srcset=\"https:\/\/gerencia.inversionesquitasuenos.com.co\/wp-content\/uploads\/2026\/01\/maail-1.png 512w, https:\/\/gerencia.inversionesquitasuenos.com.co\/wp-content\/uploads\/2026\/01\/maail-1-300x300.png 300w, https:\/\/gerencia.inversionesquitasuenos.com.co\/wp-content\/uploads\/2026\/01\/maail-1-150x150.png 150w\" sizes=\"(max-width: 512px) 100vw, 512px\" \/>\t\t\t\t\t\t\t\t\t\t\t\t\t\t\t<\/div>\n\t\t\t\t<div class=\"elementor-element elementor-element-5ca87c4 elementor-widget elementor-widget-image\" data-id=\"5ca87c4\" data-element_type=\"widget\" data-widget_type=\"image.default\">\n\t\t\t\t\t\t\t\t\t\t\t\t\t\t\t\t<a href=\"https:\/\/api.whatsapp.com\/send?text=https:\/\/gerencia.inversionesquitasuenos.com.co\/\">\n\t\t\t\t\t\t\t<img loading=\"lazy\" decoding=\"async\" width=\"512\" height=\"512\" src=\"https:\/\/gerencia.inversionesquitasuenos.com.co\/wp-content\/uploads\/2026\/01\/comprtir-1.png\" class=\"attachment-large size-large wp-image-47\" alt=\"\" srcset=\"https:\/\/gerencia.inversionesquitasuenos.com.co\/wp-content\/uploads\/2026\/01\/comprtir-1.png 512w, https:\/\/gerencia.inversionesquitasuenos.com.co\/wp-content\/uploads\/2026\/01\/comprtir-1-300x300.png 300w, https:\/\/gerencia.inversionesquitasuenos.com.co\/wp-content\/uploads\/2026\/01\/comprtir-1-150x150.png 150w\" sizes=\"(max-width: 512px) 100vw, 512px\" \/>\t\t\t\t\t\t\t\t<\/a>\n\t\t\t\t\t\t\t\t\t\t\t\t\t\t\t<\/div>\n\t\t\t\t<\/div>\n\t\t<div class=\"elementor-element elementor-element-a13ebdb e-con-full e-flex e-con e-child\" data-id=\"a13ebdb\" data-element_type=\"container\">\n\t\t\t\t<div class=\"elementor-element elementor-element-1c914d0 elementor-widget elementor-widget-heading\" data-id=\"1c914d0\" data-element_type=\"widget\" data-widget_type=\"heading.default\">\n\t\t\t\t\t<h2 class=\"elementor-heading-title elementor-size-default\"><a href=\"https:\/\/inversionesquitasuenos.com.co\/\">WWW.INVERSIONESQUITASUENOS.COM.CO<\/a><\/h2>\t\t\t\t<\/div>\n\t\t\t\t<\/div>\n\t\t<div class=\"elementor-element elementor-element-9e1da48 e-con-full e-flex e-con e-child\" data-id=\"9e1da48\" data-element_type=\"container\">\n\t\t\t\t<div class=\"elementor-element elementor-element-d0f464a elementor-widget elementor-widget-image\" data-id=\"d0f464a\" data-element_type=\"widget\" data-widget_type=\"image.default\">\n\t\t\t\t\t\t\t\t\t\t\t\t\t\t\t<img loading=\"lazy\" decoding=\"async\" width=\"546\" height=\"548\" src=\"https:\/\/gerencia.inversionesquitasuenos.com.co\/wp-content\/uploads\/2026\/01\/QR-INVERSIONES-QUITASUENO.png\" class=\"attachment-large size-large wp-image-60\" alt=\"\" srcset=\"https:\/\/gerencia.inversionesquitasuenos.com.co\/wp-content\/uploads\/2026\/01\/QR-INVERSIONES-QUITASUENO.png 546w, https:\/\/gerencia.inversionesquitasuenos.com.co\/wp-content\/uploads\/2026\/01\/QR-INVERSIONES-QUITASUENO-300x300.png 300w, https:\/\/gerencia.inversionesquitasuenos.com.co\/wp-content\/uploads\/2026\/01\/QR-INVERSIONES-QUITASUENO-150x150.png 150w\" sizes=\"(max-width: 546px) 100vw, 546px\" \/>\t\t\t\t\t\t\t\t\t\t\t\t\t\t\t<\/div>\n\t\t\t\t<\/div>\n\t\t\t\t<\/div>\n\t\t\t\t<\/div>\n\t\t<div class=\"elementor-element elementor-element-8d133b9 elementor-hidden-mobile e-flex e-con-boxed e-con e-parent\" data-id=\"8d133b9\" data-element_type=\"container\">\n\t\t\t\t\t<div class=\"e-con-inner\">\n\t\t<div class=\"elementor-element elementor-element-eef59e0 e-con-full e-flex e-con e-child\" data-id=\"eef59e0\" data-element_type=\"container\">\n\t\t\t\t<div class=\"elementor-element elementor-element-0abc1b6 elementor-widget elementor-widget-image\" data-id=\"0abc1b6\" data-element_type=\"widget\" data-widget_type=\"image.default\">\n\t\t\t\t\t\t\t\t\t\t\t\t\t\t\t<img fetchpriority=\"high\" decoding=\"async\" width=\"532\" height=\"550\" src=\"https:\/\/gerencia.inversionesquitasuenos.com.co\/wp-content\/uploads\/2026\/01\/INVESIONES-QUITASUENO-TARJETA.png\" class=\"attachment-large size-large wp-image-22\" alt=\"\" srcset=\"https:\/\/gerencia.inversionesquitasuenos.com.co\/wp-content\/uploads\/2026\/01\/INVESIONES-QUITASUENO-TARJETA.png 532w, https:\/\/gerencia.inversionesquitasuenos.com.co\/wp-content\/uploads\/2026\/01\/INVESIONES-QUITASUENO-TARJETA-290x300.png 290w\" sizes=\"(max-width: 532px) 100vw, 532px\" \/>\t\t\t\t\t\t\t\t\t\t\t\t\t\t\t<\/div>\n\t\t\t\t<\/div>\n\t\t<div class=\"elementor-element elementor-element-326a262 e-con-full e-flex e-con e-child\" data-id=\"326a262\" data-element_type=\"container\">\n\t\t<div class=\"elementor-element elementor-element-5f6cb38 e-con-full e-flex e-con e-child\" data-id=\"5f6cb38\" data-element_type=\"container\">\n\t\t\t\t<div class=\"elementor-element elementor-element-32bab9f elementor-widget elementor-widget-heading\" data-id=\"32bab9f\" data-element_type=\"widget\" data-widget_type=\"heading.default\">\n\t\t\t\t\t<h2 class=\"elementor-heading-title elementor-size-default\">GERENTE COMERCIAL<\/h2>\t\t\t\t<\/div>\n\t\t\t\t<div class=\"elementor-element elementor-element-5b8a6ce elementor-widget elementor-widget-image\" data-id=\"5b8a6ce\" data-element_type=\"widget\" data-widget_type=\"image.default\">\n\t\t\t\t\t\t\t\t\t\t\t\t\t\t\t\t<a href=\"https:\/\/api.whatsapp.com\/send\/?phone=573011840599xt=Hola%2C+Quisiera+solicitar\">\n\t\t\t\t\t\t\t<img decoding=\"async\" width=\"800\" height=\"120\" src=\"https:\/\/gerencia.inversionesquitasuenos.com.co\/wp-content\/uploads\/2026\/01\/cel-inver.png\" class=\"attachment-large size-large wp-image-85\" alt=\"\" srcset=\"https:\/\/gerencia.inversionesquitasuenos.com.co\/wp-content\/uploads\/2026\/01\/cel-inver.png 800w, https:\/\/gerencia.inversionesquitasuenos.com.co\/wp-content\/uploads\/2026\/01\/cel-inver-300x45.png 300w, https:\/\/gerencia.inversionesquitasuenos.com.co\/wp-content\/uploads\/2026\/01\/cel-inver-768x115.png 768w\" sizes=\"(max-width: 800px) 100vw, 800px\" \/>\t\t\t\t\t\t\t\t<\/a>\n\t\t\t\t\t\t\t\t\t\t\t\t\t\t\t<\/div>\n\t\t\t\t<div class=\"elementor-element elementor-element-65cc6f7 elementor-align-center elementor-widget elementor-widget-button\" data-id=\"65cc6f7\" data-element_type=\"widget\" data-widget_type=\"button.default\">\n\t\t\t\t\t\t\t\t\t\t<a class=\"elementor-button elementor-button-link elementor-size-sm\" href=\"https:\/\/inversionesquitasuenos.com.co\/wp-content\/uploads\/2025\/11\/Brochure.pdf\">\n\t\t\t\t\t\t<span class=\"elementor-button-content-wrapper\">\n\t\t\t\t\t\t\t\t\t<span class=\"elementor-button-text\">Cat\u00e1logo de servicios<\/span>\n\t\t\t\t\t<\/span>\n\t\t\t\t\t<\/a>\n\t\t\t\t\t\t\t\t<\/div>\n\t\t\t\t<\/div>\n\t\t<div class=\"elementor-element elementor-element-3f259d9 e-con-full e-grid e-con e-child\" data-id=\"3f259d9\" data-element_type=\"container\">\n\t\t\t\t<div class=\"elementor-element elementor-element-3f233f2 elementor-widget elementor-widget-image\" data-id=\"3f233f2\" data-element_type=\"widget\" data-widget_type=\"image.default\">\n\t\t\t\t\t\t\t\t\t\t\t\t\t\t\t\t<a href=\"https:\/\/api.whatsapp.com\/send\/?phone=573011840599xt=Hola%2C+Quisiera+solicitar\">\n\t\t\t\t\t\t\t<img decoding=\"async\" width=\"512\" height=\"512\" src=\"https:\/\/gerencia.inversionesquitasuenos.com.co\/wp-content\/uploads\/2026\/01\/whatsapp-1-2.png\" class=\"attachment-large size-large wp-image-50\" alt=\"\" srcset=\"https:\/\/gerencia.inversionesquitasuenos.com.co\/wp-content\/uploads\/2026\/01\/whatsapp-1-2.png 512w, https:\/\/gerencia.inversionesquitasuenos.com.co\/wp-content\/uploads\/2026\/01\/whatsapp-1-2-300x300.png 300w, https:\/\/gerencia.inversionesquitasuenos.com.co\/wp-content\/uploads\/2026\/01\/whatsapp-1-2-150x150.png 150w\" sizes=\"(max-width: 512px) 100vw, 512px\" \/>\t\t\t\t\t\t\t\t<\/a>\n\t\t\t\t\t\t\t\t\t\t\t\t\t\t\t<\/div>\n\t\t\t\t<div class=\"elementor-element elementor-element-8561acf elementor-widget elementor-widget-image\" data-id=\"8561acf\" data-element_type=\"widget\" data-widget_type=\"image.default\">\n\t\t\t\t\t\t\t\t\t\t\t\t\t\t\t\t<a href=\"https:\/\/inversionesquitasuenos.com.co\/\">\n\t\t\t\t\t\t\t<img loading=\"lazy\" decoding=\"async\" width=\"512\" height=\"512\" src=\"https:\/\/gerencia.inversionesquitasuenos.com.co\/wp-content\/uploads\/2026\/01\/web-890-1.png\" class=\"attachment-large size-large wp-image-48\" alt=\"\" srcset=\"https:\/\/gerencia.inversionesquitasuenos.com.co\/wp-content\/uploads\/2026\/01\/web-890-1.png 512w, https:\/\/gerencia.inversionesquitasuenos.com.co\/wp-content\/uploads\/2026\/01\/web-890-1-300x300.png 300w, https:\/\/gerencia.inversionesquitasuenos.com.co\/wp-content\/uploads\/2026\/01\/web-890-1-150x150.png 150w\" sizes=\"(max-width: 512px) 100vw, 512px\" \/>\t\t\t\t\t\t\t\t<\/a>\n\t\t\t\t\t\t\t\t\t\t\t\t\t\t\t<\/div>\n\t\t\t\t<div class=\"elementor-element elementor-element-cce1aad elementor-widget elementor-widget-image\" data-id=\"cce1aad\" data-element_type=\"widget\" data-widget_type=\"image.default\">\n\t\t\t\t\t\t\t\t\t\t\t\t\t\t\t<img loading=\"lazy\" decoding=\"async\" width=\"512\" height=\"512\" src=\"https:\/\/gerencia.inversionesquitasuenos.com.co\/wp-content\/uploads\/2026\/01\/maail-1.png\" class=\"attachment-large size-large wp-image-49\" alt=\"\" srcset=\"https:\/\/gerencia.inversionesquitasuenos.com.co\/wp-content\/uploads\/2026\/01\/maail-1.png 512w, https:\/\/gerencia.inversionesquitasuenos.com.co\/wp-content\/uploads\/2026\/01\/maail-1-300x300.png 300w, https:\/\/gerencia.inversionesquitasuenos.com.co\/wp-content\/uploads\/2026\/01\/maail-1-150x150.png 150w\" sizes=\"(max-width: 512px) 100vw, 512px\" \/>\t\t\t\t\t\t\t\t\t\t\t\t\t\t\t<\/div>\n\t\t\t\t<div class=\"elementor-element elementor-element-178591a elementor-widget elementor-widget-image\" data-id=\"178591a\" data-element_type=\"widget\" data-widget_type=\"image.default\">\n\t\t\t\t\t\t\t\t\t\t\t\t\t\t\t\t<a href=\"https:\/\/api.whatsapp.com\/send?text=https:\/\/gerencia.inversionesquitasuenos.com.co\/\">\n\t\t\t\t\t\t\t<img loading=\"lazy\" decoding=\"async\" width=\"512\" height=\"512\" src=\"https:\/\/gerencia.inversionesquitasuenos.com.co\/wp-content\/uploads\/2026\/01\/comprtir-1.png\" class=\"attachment-large size-large wp-image-47\" alt=\"\" srcset=\"https:\/\/gerencia.inversionesquitasuenos.com.co\/wp-content\/uploads\/2026\/01\/comprtir-1.png 512w, https:\/\/gerencia.inversionesquitasuenos.com.co\/wp-content\/uploads\/2026\/01\/comprtir-1-300x300.png 300w, https:\/\/gerencia.inversionesquitasuenos.com.co\/wp-content\/uploads\/2026\/01\/comprtir-1-150x150.png 150w\" sizes=\"(max-width: 512px) 100vw, 512px\" \/>\t\t\t\t\t\t\t\t<\/a>\n\t\t\t\t\t\t\t\t\t\t\t\t\t\t\t<\/div>\n\t\t\t\t<\/div>\n\t\t<div class=\"elementor-element elementor-element-3b8dd61 e-con-full e-flex e-con e-child\" data-id=\"3b8dd61\" data-element_type=\"container\">\n\t\t\t\t<div class=\"elementor-element elementor-element-72056c6 elementor-widget elementor-widget-heading\" data-id=\"72056c6\" data-element_type=\"widget\" data-widget_type=\"heading.default\">\n\t\t\t\t\t<h2 class=\"elementor-heading-title elementor-size-default\"><a href=\"https:\/\/inversionesquitasuenos.com.co\/\">WWW.INVERSIONESQUITASUENOS.COM.CO<\/a><\/h2>\t\t\t\t<\/div>\n\t\t\t\t<\/div>\n\t\t<div class=\"elementor-element elementor-element-d55b8ec e-con-full e-flex e-con e-child\" data-id=\"d55b8ec\" data-element_type=\"container\">\n\t\t\t\t<div class=\"elementor-element elementor-element-ccf734c elementor-widget elementor-widget-image\" data-id=\"ccf734c\" data-element_type=\"widget\" data-widget_type=\"image.default\">\n\t\t\t\t\t\t\t\t\t\t\t\t\t\t\t<img loading=\"lazy\" decoding=\"async\" width=\"300\" height=\"300\" src=\"https:\/\/gerencia.inversionesquitasuenos.com.co\/wp-content\/uploads\/2026\/01\/QR-INVERSIONES-QUITASUENO-300x300.png\" class=\"attachment-medium size-medium wp-image-60\" alt=\"\" srcset=\"https:\/\/gerencia.inversionesquitasuenos.com.co\/wp-content\/uploads\/2026\/01\/QR-INVERSIONES-QUITASUENO-300x300.png 300w, https:\/\/gerencia.inversionesquitasuenos.com.co\/wp-content\/uploads\/2026\/01\/QR-INVERSIONES-QUITASUENO-150x150.png 150w, https:\/\/gerencia.inversionesquitasuenos.com.co\/wp-content\/uploads\/2026\/01\/QR-INVERSIONES-QUITASUENO.png 546w\" sizes=\"(max-width: 300px) 100vw, 300px\" \/>\t\t\t\t\t\t\t\t\t\t\t\t\t\t\t<\/div>\n\t\t\t\t<div class=\"elementor-element elementor-element-a69f197 elementor-widget elementor-widget-html\" data-id=\"a69f197\" data-element_type=\"widget\" data-widget_type=\"html.default\">\n\t\t\t\t\t<!DOCTYPE html>\r\n<html lang=\"es\">\r\n<head>\r\n    <meta charset=\"UTF-8\">\r\n    <meta name=\"viewport\" content=\"width=device-width, initial-scale=1.0\">\r\n   \r\n    <style>\r\n        body {\r\n            font-family: Arial, sans-serif;\r\n            display: flex;\r\n            justify-content: center;\r\n            align-items: center;\r\n            min-height: 100vh;\r\n            background-color: #f4f4f4;\r\n            margin: 0;\r\n        }\r\n        .whatsapp-container {\r\n            background-color: #fff;\r\n            padding: 30px;\r\n            border-radius: 8px;\r\n            box-shadow: 0 2px 10px rgba(0, 0, 0, 0.1);\r\n            text-align: center;\r\n        }\r\n        .whatsapp-container h2 {\r\n            color: #333;\r\n            margin-bottom: 20px;\r\n        }\r\n        .input-group {\r\n            margin-bottom: 20px;\r\n            display: flex;\r\n            align-items: center;\r\n            justify-content: center;\r\n            gap: 10px; \/* Espacio entre el input y el bot\u00f3n *\/\r\n        }\r\n        .input-group label {\r\n            display: block;\r\n            margin-bottom: 5px;\r\n            color: #555;\r\n            font-weight: bold;\r\n        }\r\n        .input-group input[type=\"text\"] {\r\n            padding: 10px;\r\n            border: 1px solid #ddd;\r\n            border-radius: 4px;\r\n            font-size: 16px;\r\n            width: 250px;\r\n            max-width: 100%;\r\n        }\r\n        .input-group button {\r\n            background-color: #25d366; \/* Color de WhatsApp *\/\r\n            color: white;\r\n            padding: 10px 20px;\r\n            border: none;\r\n            border-radius: 4px;\r\n            cursor: pointer;\r\n            font-size: 16px;\r\n            transition: background-color 0.3s ease;\r\n        }\r\n        .input-group button:hover {\r\n            background-color: #1da851;\r\n        }\r\n        .info-text {\r\n            font-size: 14px;\r\n            color: #777;\r\n            margin-top: 15px;\r\n        }\r\n    <\/style>\r\n<\/head>\r\n<body>\r\n\r\n    <div class=\"whatsapp-container\">\r\n        <h2>Enviar Saludo por WhatsApp<\/h2>\r\n        <div class=\"input-group\">\r\n            <input type=\"text\" id=\"whatsappNumber\" placeholder=\"N\u00famero de WhatsApp (ej: 573118744110)\">\r\n            <button onclick=\"enviarWhatsApp()\">Enviar<\/button>\r\n        <\/div>\r\n        <p class=\"info-text\">\r\n                        <br>\r\n                  <\/p>\r\n    <\/div>\r\n\r\n    <script>\r\n        function enviarWhatsApp() {\r\n            const numero = document.getElementById('whatsappNumber').value.trim();\r\n\r\n            \/\/ Validar si el n\u00famero no est\u00e1 vac\u00edo\r\n            if (numero === \"\") {\r\n                alert(\"Por favor, introduce un n\u00famero de WhatsApp.\");\r\n                return;\r\n            }\r\n\r\n            \/\/ Define tu nombre y la URL de tu tarjeta\r\n            const miNombre = \"Gerencia: Inversiones Quitasue\u00f1os\"; \/\/ \u00a1CAMBIA ESTO CON TU NOMBRE!\r\n            const miURL = \"https:\/\/gerencia.inversionesquitasuenos.com.co\/\"; \/\/ \u00a1CAMBIA ESTO CON LA URL DE TU TARJETA!\r\n\r\n            \/\/ Codifica el mensaje para que sea seguro en la URL\r\n            const mensaje = encodeURIComponent(`Hola, Soy ${miNombre}. Te invito a descargar mi tarjeta  en la URL: ${miURL}`);\r\n\r\n            \/\/ Construye la URL de WhatsApp\r\n            \/\/ Formato: https:\/\/wa.me\/<numero>?text=<mensaje>\r\n            const whatsappURL = `https:\/\/wa.me\/${numero}?text=${mensaje}`;\r\n\r\n            \/\/ Abre la URL de WhatsApp en una nueva pesta\u00f1a\r\n            window.open(whatsappURL, '_blank');\r\n        }\r\n    <\/script>\r\n<\/body>\r\n<\/html>\t\t\t\t<\/div>\n\t\t\t\t<\/div>\n\t\t\t\t<\/div>\n\t\t\t\t\t<\/div>\n\t\t\t\t<\/div>\n\t\t<div class=\"elementor-element elementor-element-06ea0e8 e-flex e-con-boxed e-con e-parent\" data-id=\"06ea0e8\" data-element_type=\"container\">\n\t\t\t\t\t<div class=\"e-con-inner\">\n\t\t\t\t\t<\/div>\n\t\t\t\t<\/div>\n\t\t\t\t<\/div>\n\t\t","protected":false},"excerpt":{"rendered":"<p>GERENTE COMERCIAL Cat\u00e1logo de servicios WWW.INVERSIONESQUITASUENOS.COM.CO GERENTE COMERCIAL Cat\u00e1logo de servicios WWW.INVERSIONESQUITASUENOS.COM.CO Enviar Saludo por WhatsApp Enviar<\/p>\n","protected":false},"author":1,"featured_media":0,"parent":0,"menu_order":0,"comment_status":"closed","ping_status":"closed","template":"elementor_header_footer","meta":{"footnotes":""},"class_list":["post-9","page","type-page","status-publish","hentry"],"_links":{"self":[{"href":"https:\/\/gerencia.inversionesquitasuenos.com.co\/index.php\/wp-json\/wp\/v2\/pages\/9","targetHints":{"allow":["GET"]}}],"collection":[{"href":"https:\/\/gerencia.inversionesquitasuenos.com.co\/index.php\/wp-json\/wp\/v2\/pages"}],"about":[{"href":"https:\/\/gerencia.inversionesquitasuenos.com.co\/index.php\/wp-json\/wp\/v2\/types\/page"}],"author":[{"embeddable":true,"href":"https:\/\/gerencia.inversionesquitasuenos.com.co\/index.php\/wp-json\/wp\/v2\/users\/1"}],"replies":[{"embeddable":true,"href":"https:\/\/gerencia.inversionesquitasuenos.com.co\/index.php\/wp-json\/wp\/v2\/comments?post=9"}],"version-history":[{"count":103,"href":"https:\/\/gerencia.inversionesquitasuenos.com.co\/index.php\/wp-json\/wp\/v2\/pages\/9\/revisions"}],"predecessor-version":[{"id":131,"href":"https:\/\/gerencia.inversionesquitasuenos.com.co\/index.php\/wp-json\/wp\/v2\/pages\/9\/revisions\/131"}],"wp:attachment":[{"href":"https:\/\/gerencia.inversionesquitasuenos.com.co\/index.php\/wp-json\/wp\/v2\/media?parent=9"}],"curies":[{"name":"wp","href":"https:\/\/api.w.org\/{rel}","templated":true}]}}